{"id":474,"date":"2018-08-28T19:18:43","date_gmt":"2018-08-28T22:18:43","guid":{"rendered":"https:\/\/cargofast.com.br\/servicos\/"},"modified":"2018-10-10T12:08:43","modified_gmt":"2018-10-10T15:08:43","slug":"servicios","status":"publish","type":"page","link":"https:\/\/cargofast.com.br\/es\/servicios\/","title":{"rendered":"Servicios"},"content":{"rendered":"<p>[et_pb_section bb_built=\u00bb1&#8243; _builder_version=\u00bb3.15&#8243; module_class=\u00bbsecao-titulo-interna\u00bb animation_style=\u00bbfade\u00bb next_background_color=\u00bb#000000&#8243;][et_pb_row][et_pb_column type=\u00bb4_4&#8243;][et_pb_text admin_label=\u00bbT\u00edtulo interna\u00bb _builder_version=\u00bb3.16.1&#8243; text_font=\u00bbGotham|||on|||||\u00bb header_font=\u00bbGotham|700||on|||||\u00bb text_font_size=\u00bb11px\u00bb animation_direction=\u00bbleft\u00bb]<\/p>\n<ul>\n<li><a href=\"https:\/\/cargofast.com.br\/es\/\">Home<\/a><\/li>\n<li class=\"vertical-bar\">|<\/li>\n<li><strong>Servicios<\/strong><\/li>\n<\/ul>\n<h1>Servicios<\/h1>\n<p>[\/et_pb_text][\/et_pb_column][\/et_pb_row][\/et_pb_section][et_pb_section bb_built=\u00bb1&#8243; specialty=\u00bboff\u00bb prev_background_color=\u00bb#000000&#8243; _builder_version=\u00bb3.15&#8243; animation_style=\u00bbfade\u00bb custom_padding=\u00bb0px|||\u00bb][et_pb_row _builder_version=\u00bb3.15&#8243; module_class_2=\u00bbowl-carousel owl-theme\u00bb module_class=\u00bbimageslider-dots\u00bb][et_pb_column type=\u00bb1_2&#8243;][et_pb_text _builder_version=\u00bb3.15&#8243; header_3_font=\u00bbGotham|700||on|||||\u00bb header_3_font_size=\u00bb16px\u00bb header_line_height=\u00bb1.4em\u00bb header_3_line_height=\u00bb1.4em\u00bb]<\/p>\n<h3>Nuestros servicios a su disposici\u00f3n en todos los puertos y aeropuertos en Brasil y en el extranjero:<\/h3>\n<ul class=\"lista\">\n<li>Embarques a\u00e9reos internacionais<\/li>\n<li>Embarques mar\u00edtimos de exportaci\u00f3n<\/li>\n<li>Embarques mar\u00edtimos de importaci\u00f3n<\/li>\n<li>Contenedores completos (FCL)<\/li>\n<li>Importaci\u00f3n y exportaci\u00f3n de autom\u00f3viles, motocicletas , casas rodantes y barcos<\/li>\n<li>Transporte de efectos personales y reubicaciones con experiencia y de manera profesional<\/li>\n<li>Carga consolidada (LCL)<\/li>\n<li>Carga suelta (Break Bulk)<\/li>\n<li>Embarques Puerta-Puerta<\/li>\n<li>Proyectos Charters<\/li>\n<li>Proyectos de log\u00edstica y distribuci\u00f3n<\/li>\n<li>Servicios Puerta-Puerta, Puerto-Puerto<\/li>\n<li>Documentaci\u00f3n de cargas de exportaci\u00f3n e importaci\u00f3n<\/li>\n<li>Almacenaje<\/li>\n<li>Dep\u00f3sito Fiscal<\/li>\n<li>Servicio Terrestre Dom\u00e9stico e Internacional<\/li>\n<li>Proyectos Especiales \/ Break Bulk<\/li>\n<li>Seguro Internacional<\/li>\n<\/ul>\n<p>[\/et_pb_text][\/et_pb_column][et_pb_column type=\u00bb1_2&#8243;][et_pb_image _builder_version=\u00bb3.15&#8243; src=\u00bbhttps:\/\/cdn.bfserver.com.br\/wp\/cargofast\/foto1-1.png\u00bb align=\u00bbcenter\u00bb \/][\/et_pb_column][\/et_pb_row][\/et_pb_section]<\/p>\n","protected":false},"excerpt":{"rendered":"<p><div class=\"et_pb_row et_pb_row_0 et_pb_row_empty\">\n\t\t\t\t\n\t\t\t\t\n\t\t\t\t\n\t\t\t\t\n\t\t\t\t\n\t\t\t<\/div> Home | Servicios Servicios Nuestros servicios a su disposici\u00f3n en todos los puertos y aeropuertos en Brasil y en el extranjero: Embarques a\u00e9reos internacionais Embarques mar\u00edtimos de exportaci\u00f3n Embarques mar\u00edtimos de importaci\u00f3n Contenedores completos (FCL) Importaci\u00f3n y exportaci\u00f3n de autom\u00f3viles, motocicletas , casas rodantes y barcos Transporte de efectos personales y reubicaciones con experiencia [&hellip;]<\/p>\n","protected":false},"author":3,"featured_media":0,"parent":0,"menu_order":31,"comment_status":"closed","ping_status":"closed","template":"","meta":{"_acf_changed":false,"_et_pb_use_builder":"on","_et_pb_old_content":"","_et_gb_content_width":"","footnotes":""},"class_list":["post-474","page","type-page","status-publish","hentry"],"acf":[],"_links":{"self":[{"href":"https:\/\/cargofast.com.br\/es\/wp-json\/wp\/v2\/pages\/474","targetHints":{"allow":["GET"]}}],"collection":[{"href":"https:\/\/cargofast.com.br\/es\/wp-json\/wp\/v2\/pages"}],"about":[{"href":"https:\/\/cargofast.com.br\/es\/wp-json\/wp\/v2\/types\/page"}],"author":[{"embeddable":true,"href":"https:\/\/cargofast.com.br\/es\/wp-json\/wp\/v2\/users\/3"}],"replies":[{"embeddable":true,"href":"https:\/\/cargofast.com.br\/es\/wp-json\/wp\/v2\/comments?post=474"}],"version-history":[{"count":5,"href":"https:\/\/cargofast.com.br\/es\/wp-json\/wp\/v2\/pages\/474\/revisions"}],"predecessor-version":[{"id":818,"href":"https:\/\/cargofast.com.br\/es\/wp-json\/wp\/v2\/pages\/474\/revisions\/818"}],"wp:attachment":[{"href":"https:\/\/cargofast.com.br\/es\/wp-json\/wp\/v2\/media?parent=474"}],"curies":[{"name":"wp","href":"https:\/\/api.w.org\/{rel}","templated":true}]}}