{"id":472,"date":"2018-08-28T19:18:02","date_gmt":"2018-08-28T22:18:02","guid":{"rendered":"https:\/\/cargofast.com.br\/regiao-de-atuacao\/"},"modified":"2018-10-10T12:08:25","modified_gmt":"2018-10-10T15:08:25","slug":"regiao-de-atuacao","status":"publish","type":"page","link":"https:\/\/cargofast.com.br\/es\/regiao-de-atuacao\/","title":{"rendered":"Regiao de Atua\u00e7\u00e3o"},"content":{"rendered":"<p>[et_pb_section bb_built=\u00bb1&#8243; module_class=\u00bbsecao-titulo-interna\u00bb _builder_version=\u00bb3.15&#8243; animation_style=\u00bbfade\u00bb next_background_color=\u00bb#000000&#8243;][et_pb_row _builder_version=\u00bb3.0.48&#8243; background_size=\u00bbinitial\u00bb background_position=\u00bbtop_left\u00bb background_repeat=\u00bbrepeat\u00bb][et_pb_column type=\u00bb4_4&#8243;][et_pb_text admin_label=\u00bbT\u00edtulo interna\u00bb _builder_version=\u00bb3.16.1&#8243; text_font=\u00bbGotham|||on|||||\u00bb text_font_size=\u00bb11px\u00bb header_font=\u00bbGotham|700||on|||||\u00bb animation_direction=\u00bbleft\u00bb]<\/p>\n<ul>\n<li><a href=\"https:\/\/cargofast.com.br\/es\/\">Home<\/a><\/li>\n<li class=\"vertical-bar\">|<\/li>\n<li><strong>Regi\u00e3o de atua\u00e7\u00e3o<\/strong><\/li>\n<\/ul>\n<h1>Regi\u00e3o de atua\u00e7\u00e3o<\/h1>\n<p>[\/et_pb_text][\/et_pb_column][\/et_pb_row][\/et_pb_section][et_pb_section bb_built=\u00bb1&#8243; _builder_version=\u00bb3.15&#8243; custom_padding=\u00bb0px|||\u00bb animation_style=\u00bbfade\u00bb prev_background_color=\u00bb#000000&#8243; next_background_color=\u00bb#f3f4f3&#8243;][et_pb_row _builder_version=\u00bb3.15&#8243;][et_pb_column type=\u00bb2_5&#8243;][et_pb_text _builder_version=\u00bb3.15&#8243; header_3_font=\u00bbGotham|700||on|||||\u00bb header_3_font_size=\u00bb16px\u00bb]<\/p>\n<h3>Donde Estamos<\/h3>\n<p>&nbsp;<\/p>\n<p>&nbsp;<\/p>\n<p align=\"justify\">De nuestras oficinas en el coraz\u00f3n de la ciudad de Sao Paulo, Brasil, gestionamos todas nuestras operaciones en el territorio brasile\u00f1o y en el mundo. Estamos ubicados estrat\u00e9gicamente cerca de 15 kil\u00f3metros del aeropuerto internacional de Guarulhos y 76 kil\u00f3metros del puerto de Santos.<\/p>\n<p>Atendemos a todos los puertos brasile\u00f1os y especialmente, los puertos de Rio Grande, Imbituba, Navegantes, Itaja\u00ed, S\u00e3o Francisco do Sul, Paranagu\u00e1, Santos, Itagua\u00ed (Sepetiba), Rio de Janeiro, Salvador, Suape, Fortaleza, Pecem y Manaus.<\/p>\n<p><span style=\"color: #ff0000;font-size: 9px\">*Pas\u00e9 o mouse sobre o pin no mapa ao lado para conhecer en los puertos de cada regi\u00e3o.<\/span><\/p>\n<p>[\/et_pb_text][\/et_pb_column][et_pb_column type=\u00bb3_5&#8243;][et_pb_code disabled_on=\u00bbon||\u00bb _builder_version=\u00bb3.15&#8243;]<div id=\"image-map-pro-3701\"><\/div>[\/et_pb_code][\/et_pb_column][\/et_pb_row][\/et_pb_section][et_pb_section bb_built=\u00bb1&#8243; _builder_version=\u00bb3.15&#8243; background_color=\u00bb#f3f4f3&#8243; prev_background_color=\u00bb#ffffff\u00bb module_class=\u00bbsecao-regioes\u00bb animation_style=\u00bbfade\u00bb][et_pb_row _builder_version=\u00bb3.15&#8243; background_size=\u00bbinitial\u00bb background_position=\u00bbtop_left\u00bb background_repeat=\u00bbrepeat\u00bb][et_pb_column type=\u00bb1_4&#8243;][et_pb_button admin_label=\u00bbPortos\u00bb button_url=\u00bb#porto\u00bb button_text=\u00bbOporto\u00bb module_class=\u00bbactive\u00bb _builder_version=\u00bb3.15&#8243; custom_button=\u00bbon\u00bb button_text_size=\u00bb13&#8243; button_text_color=\u00bb#444444&#8243; button_bg_color=\u00bb#f2f2f2&#8243; button_border_radius=\u00bb0&#8243; button_font=\u00bbGotham|100||on|||||\u00bb button_use_icon=\u00bboff\u00bb button_text_color_hover=\u00bb#ffffff\u00bb button_bg_color_hover=\u00bb#d8160e\u00bb button_border_radius_hover=\u00bb0&#8243; box_shadow_style=\u00bbpreset1&#8243; custom_margin=\u00bb0px|0px|8px|0px\u00bb custom_padding=\u00bb15px|20px|15px|20px\u00bb custom_css_main_element=\u00bbwidth:100%;\u00bb saved_tabs=\u00bball\u00bb button_text_size__hover_enabled=\u00bboff\u00bb button_text_size__hover=\u00bbnull\u00bb button_one_text_size__hover_enabled=\u00bboff\u00bb button_one_text_size__hover=\u00bbnull\u00bb button_two_text_size__hover_enabled=\u00bboff\u00bb button_two_text_size__hover=\u00bbnull\u00bb button_text_color__hover_enabled=\u00bbon\u00bb button_text_color__hover=\u00bb#ffffff\u00bb button_one_text_color__hover_enabled=\u00bboff\u00bb button_one_text_color__hover=\u00bbnull\u00bb button_two_text_color__hover_enabled=\u00bboff\u00bb button_two_text_color__hover=\u00bbnull\u00bb button_border_width__hover_enabled=\u00bboff\u00bb button_border_width__hover=\u00bbnull\u00bb button_one_border_width__hover_enabled=\u00bboff\u00bb button_one_border_width__hover=\u00bbnull\u00bb button_two_border_width__hover_enabled=\u00bboff\u00bb button_two_border_width__hover=\u00bbnull\u00bb button_border_color__hover_enabled=\u00bboff\u00bb button_border_color__hover=\u00bbnull\u00bb button_one_border_color__hover_enabled=\u00bboff\u00bb button_one_border_color__hover=\u00bbnull\u00bb button_two_border_color__hover_enabled=\u00bboff\u00bb button_two_border_color__hover=\u00bbnull\u00bb button_border_radius__hover_enabled=\u00bbon\u00bb button_border_radius__hover=\u00bb0&#8243; button_one_border_radius__hover_enabled=\u00bboff\u00bb button_one_border_radius__hover=\u00bbnull\u00bb button_two_border_radius__hover_enabled=\u00bboff\u00bb button_two_border_radius__hover=\u00bbnull\u00bb button_letter_spacing__hover_enabled=\u00bboff\u00bb button_letter_spacing__hover=\u00bbnull\u00bb button_one_letter_spacing__hover_enabled=\u00bboff\u00bb button_one_letter_spacing__hover=\u00bbnull\u00bb button_two_letter_spacing__hover_enabled=\u00bboff\u00bb button_two_letter_spacing__hover=\u00bbnull\u00bb button_bg_color__hover_enabled=\u00bbon\u00bb button_bg_color__hover=\u00bb#d8160e\u00bb button_one_bg_color__hover_enabled=\u00bboff\u00bb button_one_bg_color__hover=\u00bbnull\u00bb button_two_bg_color__hover_enabled=\u00bboff\u00bb button_two_bg_color__hover=\u00bbnull\u00bb \/][\/et_pb_column][et_pb_column type=\u00bb1_4&#8243;][et_pb_button admin_label=\u00bbAeroportos\u00bb button_url=\u00bb#aeroportos\u00bb button_text=\u00bbAeroportos\u00bb _builder_version=\u00bb3.15&#8243; custom_button=\u00bbon\u00bb button_text_size=\u00bb13&#8243; button_text_color=\u00bb#444444&#8243; button_bg_color=\u00bb#f2f2f2&#8243; button_border_radius=\u00bb0&#8243; button_font=\u00bbGotham|100||on|||||\u00bb button_use_icon=\u00bboff\u00bb button_text_color_hover=\u00bb#ffffff\u00bb button_bg_color_hover=\u00bb#d8160e\u00bb button_border_radius_hover=\u00bb0&#8243; box_shadow_style=\u00bbpreset1&#8243; custom_margin=\u00bb0px|0px|8px|0px\u00bb custom_padding=\u00bb15px|20px|15px|20px\u00bb custom_css_main_element=\u00bbwidth:100%;\u00bb saved_tabs=\u00bball\u00bb button_text_size__hover_enabled=\u00bboff\u00bb button_text_size__hover=\u00bbnull\u00bb button_one_text_size__hover_enabled=\u00bboff\u00bb button_one_text_size__hover=\u00bbnull\u00bb button_two_text_size__hover_enabled=\u00bboff\u00bb button_two_text_size__hover=\u00bbnull\u00bb button_text_color__hover_enabled=\u00bbon\u00bb button_text_color__hover=\u00bb#ffffff\u00bb button_one_text_color__hover_enabled=\u00bboff\u00bb button_one_text_color__hover=\u00bbnull\u00bb button_two_text_color__hover_enabled=\u00bboff\u00bb button_two_text_color__hover=\u00bbnull\u00bb button_border_width__hover_enabled=\u00bboff\u00bb button_border_width__hover=\u00bbnull\u00bb button_one_border_width__hover_enabled=\u00bboff\u00bb button_one_border_width__hover=\u00bbnull\u00bb button_two_border_width__hover_enabled=\u00bboff\u00bb button_two_border_width__hover=\u00bbnull\u00bb button_border_color__hover_enabled=\u00bboff\u00bb button_border_color__hover=\u00bbnull\u00bb button_one_border_color__hover_enabled=\u00bboff\u00bb button_one_border_color__hover=\u00bbnull\u00bb button_two_border_color__hover_enabled=\u00bboff\u00bb button_two_border_color__hover=\u00bbnull\u00bb button_border_radius__hover_enabled=\u00bbon\u00bb button_border_radius__hover=\u00bb0&#8243; button_one_border_radius__hover_enabled=\u00bboff\u00bb button_one_border_radius__hover=\u00bbnull\u00bb button_two_border_radius__hover_enabled=\u00bboff\u00bb button_two_border_radius__hover=\u00bbnull\u00bb button_letter_spacing__hover_enabled=\u00bboff\u00bb button_letter_spacing__hover=\u00bbnull\u00bb button_one_letter_spacing__hover_enabled=\u00bboff\u00bb button_one_letter_spacing__hover=\u00bbnull\u00bb button_two_letter_spacing__hover_enabled=\u00bboff\u00bb button_two_letter_spacing__hover=\u00bbnull\u00bb button_bg_color__hover_enabled=\u00bbon\u00bb button_bg_color__hover=\u00bb#d8160e\u00bb button_one_bg_color__hover_enabled=\u00bboff\u00bb button_one_bg_color__hover=\u00bbnull\u00bb button_two_bg_color__hover_enabled=\u00bboff\u00bb button_two_bg_color__hover=\u00bbnull\u00bb \/][\/et_pb_column][et_pb_column type=\u00bb1_4&#8243;][\/et_pb_column][et_pb_column type=\u00bb1_4&#8243;][\/et_pb_column][\/et_pb_row][et_pb_row _builder_version=\u00bb3.15&#8243; module_class_1=\u00bbcoluna-regiao-left\u00bb module_class_2=\u00bbcoluna-regiao-right\u00bb background_color_1=\u00bb#ffffff\u00bb background_color_2=\u00bb#ffffff\u00bb padding_top_1=\u00bb25px\u00bb padding_right_1=\u00bb25px\u00bb padding_bottom_1=\u00bb25px\u00bb padding_left_1=\u00bb25px\u00bb padding_top_2=\u00bb25px\u00bb padding_right_2=\u00bb25px\u00bb padding_bottom_2=\u00bb25px\u00bb padding_left_2=\u00bb25px\u00bb use_custom_gutter=\u00bbon\u00bb make_equal=\u00bbon\u00bb custom_padding=\u00bb0px|0px|30px|0px\u00bb module_class=\u00bbregioes portos active\u00bb][et_pb_column type=\u00bb3_5&#8243;][et_pb_text admin_label=\u00bbREGI\u00c3O NORDESTE\u00bb _builder_version=\u00bb3.15&#8243; header_3_font=\u00bbGotham|700||on|||||\u00bb header_3_text_color=\u00bb#d8160e\u00bb header_3_font_size=\u00bb18px\u00bb]<\/p>\n<h3>REGI\u00c3O NORDESTE<\/h3>\n<p>[\/et_pb_text][et_pb_text _builder_version=\u00bb3.15&#8243; header_4_font=\u00bbGotham|700||on|||||\u00bb header_4_font_size=\u00bb13px\u00bb]<\/p>\n<ul>\n<li>\n<h4>ALAGOAS<\/h4>\n<p>Macei\u00f3<\/li>\n<li>\n<h4>SERGIPE<\/h4>\n<p>Barra dos Coqueiros<\/li>\n<li>\n<h4>BAHIA<\/h4>\n<p>Salvador<br \/>\nAratu<br \/>\nIlh\u00e9us<\/li>\n<li>\n<h4>MARANH\u00c3O<\/h4>\n<p>Itaqui<\/li>\n<li>\n<h4>PIAU\u00cd<\/h4>\n<p>Luiz Corr\u00eaa<\/li>\n<li>\n<h4>CEAR\u00c1<\/h4>\n<p>Pec\u00e9m Fortaleza<\/li>\n<li>\n<h4>RIO GRANDE DO NORTE<\/h4>\n<p>Areia Branca<br \/>\nNatal<\/li>\n<li>\n<h4>PARA\u00cdBA<\/h4>\n<p>Cabedelo<\/li>\n<li>\n<h4>PERNAMBUCO<\/h4>\n<p>Suape<\/li>\n<\/ul>\n<p>[\/et_pb_text][\/et_pb_column][et_pb_column type=\u00bb2_5&#8243;][et_pb_text admin_label=\u00bbREGI\u00c3O NORTE\u00bb _builder_version=\u00bb3.15&#8243; header_3_font=\u00bbGotham|700||on|||||\u00bb header_3_text_color=\u00bb#d8160e\u00bb header_3_font_size=\u00bb18px\u00bb]<\/p>\n<h3>REGI\u00c3O NORTE<\/h3>\n<p>[\/et_pb_text][et_pb_text _builder_version=\u00bb3.15&#8243; header_4_font=\u00bbGotham|700||on|||||\u00bb header_4_font_size=\u00bb13px\u00bb]<\/p>\n<ul>\n<li>\n<h4>ROND\u00d4NIA<\/h4>\n<p>Porto Velho<\/li>\n<li>\n<h4>AMAZONAS<\/h4>\n<p>Manaus<\/li>\n<li>\n<h4>AMAP\u00c1<\/h4>\n<p>Macap\u00e1<\/li>\n<li>\n<h4>PAR\u00c1<\/h4>\n<p>Santar\u00e9m<br \/>\nVIla do Conde<br \/>\nBel\u00e9m<\/li>\n<\/ul>\n<p>[\/et_pb_text][\/et_pb_column][\/et_pb_row][et_pb_row _builder_version=\u00bb3.15&#8243; module_class_1=\u00bbcoluna-regiao-left\u00bb module_class_2=\u00bbcoluna-regiao-right\u00bb background_color_1=\u00bb#ffffff\u00bb background_color_2=\u00bb#ffffff\u00bb use_custom_gutter=\u00bbon\u00bb make_equal=\u00bbon\u00bb padding_top_1=\u00bb25px\u00bb padding_right_1=\u00bb25px\u00bb padding_bottom_1=\u00bb25px\u00bb padding_left_1=\u00bb25px\u00bb padding_top_2=\u00bb25px\u00bb padding_right_2=\u00bb25px\u00bb padding_bottom_2=\u00bb25px\u00bb padding_left_2=\u00bb25px\u00bb custom_padding=\u00bb0px|0px|30px|0px\u00bb module_class=\u00bbregioes portos active\u00bb][et_pb_column type=\u00bb3_5&#8243;][et_pb_text admin_label=\u00bbREGI\u00c3O SUDESTE\u00bb _builder_version=\u00bb3.15&#8243; header_3_font=\u00bbGotham|700||on|||||\u00bb header_3_text_color=\u00bb#d8160e\u00bb header_3_font_size=\u00bb18px\u00bb]<\/p>\n<h3>REGI\u00c3O SUDESTE<\/h3>\n<p>[\/et_pb_text][et_pb_text _builder_version=\u00bb3.15&#8243; header_4_font=\u00bbGotham|700||on|||||\u00bb header_4_font_size=\u00bb13px\u00bb]<\/p>\n<ul>\n<li>\n<h4>MINAS GERAIS<\/h4>\n<p>Pirapora<\/li>\n<li>\n<h4>ESP\u00cdRITO SANTO<\/h4>\n<p>Barra do Riacho<br \/>\nVit\u00f3ria<\/li>\n<li>\n<h4>S\u00c3O PAULO<\/h4>\n<p>S\u00e3o Sebasti\u00e3o<br \/>\nSantos<\/li>\n<li>\n<h4>RIO DE JANEIRO<\/h4>\n<p>Forno<br \/>\nNiter\u00f3i<br \/>\nRio de Janeiro Sepetiba<br \/>\nAngra dos Reis<\/li>\n<\/ul>\n<p>[\/et_pb_text][\/et_pb_column][et_pb_column type=\u00bb2_5&#8243;][et_pb_text admin_label=\u00bbREGI\u00c3O CENTRO-OESTE\u00bb _builder_version=\u00bb3.15&#8243; header_3_font=\u00bbGotham|700||on|||||\u00bb header_3_text_color=\u00bb#d8160e\u00bb header_3_font_size=\u00bb18px\u00bb]<\/p>\n<h3>REGI\u00c3O CENTRO-OESTE<\/h3>\n<p>[\/et_pb_text][et_pb_text _builder_version=\u00bb3.15&#8243; header_4_font=\u00bbGotham|700||on|||||\u00bb header_4_font_size=\u00bb13px\u00bb]<\/p>\n<ul>\n<li>\n<h4>MATO GROSSO<\/h4>\n<p>C\u00e1ceres<\/li>\n<li>\n<h4>MATO GROSSO DO SUL<\/h4>\n<p>Corumb\u00e1<br \/>\nLad\u00e1rio<\/li>\n<\/ul>\n<p>[\/et_pb_text][\/et_pb_column][\/et_pb_row][et_pb_row _builder_version=\u00bb3.15&#8243; module_class_1=\u00bbcoluna-regiao-left\u00bb module_class_2=\u00bbcoluna-regiao-right\u00bb background_color_1=\u00bb#ffffff\u00bb use_custom_gutter=\u00bbon\u00bb make_equal=\u00bbon\u00bb padding_top_1=\u00bb25px\u00bb padding_right_1=\u00bb25px\u00bb padding_bottom_1=\u00bb25px\u00bb padding_left_1=\u00bb25px\u00bb padding_top_2=\u00bb25px\u00bb padding_right_2=\u00bb25px\u00bb padding_bottom_2=\u00bb25px\u00bb padding_left_2=\u00bb25px\u00bb custom_padding=\u00bb0px|0px|30px|0px\u00bb module_class=\u00bbregioes portos active\u00bb][et_pb_column type=\u00bb3_5&#8243;][et_pb_text admin_label=\u00bbREGI\u00c3O SUL\u00bb _builder_version=\u00bb3.15&#8243; header_3_font=\u00bbGotham|700||on|||||\u00bb header_3_text_color=\u00bb#d8160e\u00bb header_3_font_size=\u00bb18px\u00bb]<\/p>\n<h3>REGI\u00c3O SUL<\/h3>\n<p>[\/et_pb_text][et_pb_text _builder_version=\u00bb3.15&#8243; header_4_font=\u00bbGotham|700||on|||||\u00bb header_4_font_size=\u00bb13px\u00bb]<\/p>\n<ul>\n<li>\n<h4>RIO GRANDE DO SUL<\/h4>\n<p>Porto Alegre, POA<\/li>\n<li>\n<h4>SANTA CATARINA<\/h4>\n<p>Florian\u00f3polis, FLN<\/li>\n<li>\n<h4>RIO GRANDE DO SUL<\/h4>\n<p>Estrela<br \/>\nPorto Alegre Cachoeira do Sul Pelotas<br \/>\nRio Grande<\/li>\n<\/ul>\n<p>[\/et_pb_text][\/et_pb_column][et_pb_column type=\u00bb2_5&#8243;][\/et_pb_column][\/et_pb_row][et_pb_row _builder_version=\u00bb3.15&#8243; module_class_1=\u00bbcoluna-regiao-left\u00bb module_class_2=\u00bbcoluna-regiao-right\u00bb background_color_1=\u00bb#ffffff\u00bb background_color_2=\u00bb#ffffff\u00bb padding_top_1=\u00bb25px\u00bb padding_right_1=\u00bb25px\u00bb padding_bottom_1=\u00bb25px\u00bb padding_left_1=\u00bb25px\u00bb padding_top_2=\u00bb25px\u00bb padding_right_2=\u00bb25px\u00bb padding_bottom_2=\u00bb25px\u00bb padding_left_2=\u00bb25px\u00bb use_custom_gutter=\u00bbon\u00bb make_equal=\u00bbon\u00bb custom_padding=\u00bb0px|0px|30px|0px\u00bb module_class=\u00bbregioes aeroportos\u00bb][et_pb_column type=\u00bb3_5&#8243;][et_pb_text admin_label=\u00bbREGI\u00c3O NORDESTE\u00bb _builder_version=\u00bb3.15&#8243; header_3_font=\u00bbGotham|700||on|||||\u00bb header_3_text_color=\u00bb#d8160e\u00bb header_3_font_size=\u00bb18px\u00bb]<\/p>\n<h3>REGI\u00c3O NORDESTE<\/h3>\n<p>[\/et_pb_text][et_pb_text _builder_version=\u00bb3.15&#8243; header_4_font=\u00bbGotham|700||on|||||\u00bb header_4_font_size=\u00bb13px\u00bb]<\/p>\n<ul>\n<li>\n<h4>ALAGOAS<\/h4>\n<p>Macei\u00f3<\/li>\n<li>\n<h4>SERGIPE<\/h4>\n<p>Barra dos Coqueiros<\/li>\n<li>\n<h4>BAHIA<\/h4>\n<p>Salvador<br \/>\nAratu<br \/>\nIlh\u00e9us<\/li>\n<li>\n<h4>MARANH\u00c3O<\/h4>\n<p>Itaqui<\/li>\n<li>\n<h4>PIAU\u00cd<\/h4>\n<p>Luiz Corr\u00eaa<\/li>\n<li>\n<h4>CEAR\u00c1<\/h4>\n<p>Pec\u00e9m Fortaleza<\/li>\n<li>\n<h4>RIO GRANDE DO NORTE<\/h4>\n<p>Areia Branca<br \/>\nNatal<\/li>\n<li>\n<h4>PARA\u00cdBA<\/h4>\n<p>Cabedelo<\/li>\n<li>\n<h4>PERNAMBUCO<\/h4>\n<p>Suape<\/li>\n<\/ul>\n<p>[\/et_pb_text][\/et_pb_column][et_pb_column type=\u00bb2_5&#8243;][et_pb_text admin_label=\u00bbREGI\u00c3O NORTE\u00bb _builder_version=\u00bb3.15&#8243; header_3_font=\u00bbGotham|700||on|||||\u00bb header_3_text_color=\u00bb#d8160e\u00bb header_3_font_size=\u00bb18px\u00bb]<\/p>\n<h3>REGI\u00c3O NORTE<\/h3>\n<p>[\/et_pb_text][et_pb_text _builder_version=\u00bb3.15&#8243; header_4_font=\u00bbGotham|700||on|||||\u00bb header_4_font_size=\u00bb13px\u00bb]<\/p>\n<ul>\n<li>\n<h4>ROND\u00d4NIA<\/h4>\n<p>Porto Velho<\/li>\n<li>\n<h4>AMAZONAS<\/h4>\n<p>Manaus<\/li>\n<li>\n<h4>AMAP\u00c1<\/h4>\n<p>Macap\u00e1<\/li>\n<li>\n<h4>PAR\u00c1<\/h4>\n<p>Santar\u00e9m<br \/>\nVIla do Conde<br \/>\nBel\u00e9m<\/li>\n<\/ul>\n<p>[\/et_pb_text][\/et_pb_column][\/et_pb_row][et_pb_row _builder_version=\u00bb3.15&#8243; module_class_1=\u00bbcoluna-regiao-left\u00bb module_class_2=\u00bbcoluna-regiao-right\u00bb background_color_1=\u00bb#ffffff\u00bb background_color_2=\u00bb#ffffff\u00bb use_custom_gutter=\u00bbon\u00bb make_equal=\u00bbon\u00bb padding_top_1=\u00bb25px\u00bb padding_right_1=\u00bb25px\u00bb padding_bottom_1=\u00bb25px\u00bb padding_left_1=\u00bb25px\u00bb padding_top_2=\u00bb25px\u00bb padding_right_2=\u00bb25px\u00bb padding_bottom_2=\u00bb25px\u00bb padding_left_2=\u00bb25px\u00bb custom_padding=\u00bb0px|0px|30px|0px\u00bb module_class=\u00bbregioes aeroportos\u00bb][et_pb_column type=\u00bb3_5&#8243;][et_pb_text admin_label=\u00bbREGI\u00c3O SUDESTE\u00bb _builder_version=\u00bb3.15&#8243; header_3_font=\u00bbGotham|700||on|||||\u00bb header_3_text_color=\u00bb#d8160e\u00bb header_3_font_size=\u00bb18px\u00bb]<\/p>\n<h3>REGI\u00c3O SUDESTE<\/h3>\n<p>[\/et_pb_text][et_pb_text _builder_version=\u00bb3.15&#8243; header_4_font=\u00bbGotham|700||on|||||\u00bb header_4_font_size=\u00bb13px\u00bb]<\/p>\n<ul>\n<li>\n<h4>MINAS GERAIS<\/h4>\n<p>Pirapora<\/li>\n<li>\n<h4>ESP\u00cdRITO SANTO<\/h4>\n<p>Barra do Riacho<br \/>\nVit\u00f3ria<\/li>\n<li>\n<h4>S\u00c3O PAULO<\/h4>\n<p>S\u00e3o Sebasti\u00e3o<br \/>\nSantos<\/li>\n<li>\n<h4>RIO DE JANEIRO<\/h4>\n<p>Forno<br \/>\nNiter\u00f3i<br \/>\nRio de Janeiro Sepetiba<br \/>\nAngra dos Reis<\/li>\n<\/ul>\n<p>[\/et_pb_text][\/et_pb_column][et_pb_column type=\u00bb2_5&#8243;][et_pb_text admin_label=\u00bbREGI\u00c3O CENTRO-OESTE\u00bb _builder_version=\u00bb3.15&#8243; header_3_font=\u00bbGotham|700||on|||||\u00bb header_3_text_color=\u00bb#d8160e\u00bb header_3_font_size=\u00bb18px\u00bb]<\/p>\n<h3>REGI\u00c3O CENTRO-OESTE<\/h3>\n<p>[\/et_pb_text][et_pb_text _builder_version=\u00bb3.15&#8243; header_4_font=\u00bbGotham|700||on|||||\u00bb header_4_font_size=\u00bb13px\u00bb]<\/p>\n<ul>\n<li>\n<h4>MATO GROSSO<\/h4>\n<p>C\u00e1ceres<\/li>\n<li>\n<h4>MATO GROSSO DO SUL<\/h4>\n<p>Corumb\u00e1<br \/>\nLad\u00e1rio<\/li>\n<\/ul>\n<p>[\/et_pb_text][\/et_pb_column][\/et_pb_row][et_pb_row _builder_version=\u00bb3.15&#8243; module_class_1=\u00bbcoluna-regiao-left\u00bb module_class_2=\u00bbcoluna-regiao-right\u00bb background_color_1=\u00bb#ffffff\u00bb use_custom_gutter=\u00bbon\u00bb make_equal=\u00bbon\u00bb padding_top_1=\u00bb25px\u00bb padding_right_1=\u00bb25px\u00bb padding_bottom_1=\u00bb25px\u00bb padding_left_1=\u00bb25px\u00bb padding_top_2=\u00bb25px\u00bb padding_right_2=\u00bb25px\u00bb padding_bottom_2=\u00bb25px\u00bb padding_left_2=\u00bb25px\u00bb custom_padding=\u00bb0px|0px|30px|0px\u00bb module_class=\u00bbregioes aeroportos\u00bb][et_pb_column type=\u00bb3_5&#8243;][et_pb_text admin_label=\u00bbREGI\u00c3O SUL\u00bb _builder_version=\u00bb3.15&#8243; header_3_font=\u00bbGotham|700||on|||||\u00bb header_3_text_color=\u00bb#d8160e\u00bb header_3_font_size=\u00bb18px\u00bb]<\/p>\n<h3>REGI\u00c3O SUL<\/h3>\n<p>[\/et_pb_text][et_pb_text _builder_version=\u00bb3.15&#8243; header_4_font=\u00bbGotham|700||on|||||\u00bb header_4_font_size=\u00bb13px\u00bb]<\/p>\n<ul>\n<li>\n<h4>RIO GRANDE DO SUL<\/h4>\n<p>Porto Alegre, POA<\/li>\n<li>\n<h4>SANTA CATARINA<\/h4>\n<p>Florian\u00f3polis, FLN<\/li>\n<li>\n<h4>RIO GRANDE DO SUL<\/h4>\n<p>Estrela<br \/>\nPorto Alegre Cachoeira do Sul Pelotas<br \/>\nRio Grande<\/li>\n<\/ul>\n<p>[\/et_pb_text][\/et_pb_column][et_pb_column type=\u00bb2_5&#8243;][\/et_pb_column][\/et_pb_row][\/et_pb_section]<\/p>\n","protected":false},"excerpt":{"rendered":"<p>Home | Regi\u00e3o de atua\u00e7\u00e3o Regi\u00e3o de atua\u00e7\u00e3o Donde Estamos &nbsp; &nbsp; De nuestras oficinas en el coraz\u00f3n de la ciudad de Sao Paulo, Brasil, gestionamos todas nuestras operaciones en el territorio brasile\u00f1o y en el mundo. Estamos ubicados estrat\u00e9gicamente cerca de 15 kil\u00f3metros del aeropuerto internacional de Guarulhos y 76 kil\u00f3metros del puerto de [&hellip;]<\/p>\n","protected":false},"author":3,"featured_media":0,"parent":0,"menu_order":27,"comment_status":"closed","ping_status":"closed","template":"","meta":{"_acf_changed":false,"_et_pb_use_builder":"on","_et_pb_old_content":"","_et_gb_content_width":"","footnotes":""},"class_list":["post-472","page","type-page","status-publish","hentry"],"acf":[],"_links":{"self":[{"href":"https:\/\/cargofast.com.br\/es\/wp-json\/wp\/v2\/pages\/472","targetHints":{"allow":["GET"]}}],"collection":[{"href":"https:\/\/cargofast.com.br\/es\/wp-json\/wp\/v2\/pages"}],"about":[{"href":"https:\/\/cargofast.com.br\/es\/wp-json\/wp\/v2\/types\/page"}],"author":[{"embeddable":true,"href":"https:\/\/cargofast.com.br\/es\/wp-json\/wp\/v2\/users\/3"}],"replies":[{"embeddable":true,"href":"https:\/\/cargofast.com.br\/es\/wp-json\/wp\/v2\/comments?post=472"}],"version-history":[{"count":3,"href":"https:\/\/cargofast.com.br\/es\/wp-json\/wp\/v2\/pages\/472\/revisions"}],"predecessor-version":[{"id":816,"href":"https:\/\/cargofast.com.br\/es\/wp-json\/wp\/v2\/pages\/472\/revisions\/816"}],"wp:attachment":[{"href":"https:\/\/cargofast.com.br\/es\/wp-json\/wp\/v2\/media?parent=472"}],"curies":[{"name":"wp","href":"https:\/\/api.w.org\/{rel}","templated":true}]}}