{"id":468,"date":"2018-08-28T19:17:27","date_gmt":"2018-08-28T22:17:27","guid":{"rendered":"https:\/\/cargofast.com.br\/como-fazemos\/"},"modified":"2018-10-10T12:08:10","modified_gmt":"2018-10-10T15:08:10","slug":"como-manejamos","status":"publish","type":"page","link":"https:\/\/cargofast.com.br\/es\/como-manejamos\/","title":{"rendered":"Como Manejamos"},"content":{"rendered":"<p>[et_pb_section bb_built=\u00bb1&#8243; _builder_version=\u00bb3.15&#8243; module_class=\u00bbsecao-titulo-interna\u00bb animation_style=\u00bbfade\u00bb next_background_color=\u00bb#000000&#8243;][et_pb_row][et_pb_column type=\u00bb4_4&#8243;][et_pb_text admin_label=\u00bbT\u00edtulo interna\u00bb _builder_version=\u00bb3.16.1&#8243; text_font=\u00bbGotham|||on|||||\u00bb header_font=\u00bbGotham|700||on|||||\u00bb text_font_size=\u00bb11px\u00bb animation_direction=\u00bbleft\u00bb]<\/p>\n<ul>\n<li><a href=\"https:\/\/cargofast.com.br\/es\/\">Home<\/a><\/li>\n<li class=\"vertical-bar\">|<\/li>\n<li><strong>Sobre Nosotros<\/strong><\/li>\n<li class=\"vertical-bar\"><strong>|<\/strong><\/li>\n<li><strong>Como Manejamos<\/strong><\/li>\n<\/ul>\n<h1>Como Manejamos<\/h1>\n<p>[\/et_pb_text][\/et_pb_column][\/et_pb_row][\/et_pb_section][et_pb_section bb_built=\u00bb1&#8243; specialty=\u00bboff\u00bb prev_background_color=\u00bb#000000&#8243; _builder_version=\u00bb3.15&#8243; animation_style=\u00bbfade\u00bb custom_padding=\u00bb0px|||\u00bb][et_pb_row _builder_version=\u00bb3.15&#8243; module_class_2=\u00bbowl-carousel\u00bb module_class=\u00bbimageslider\u00bb][et_pb_column type=\u00bb1_2&#8243;][et_pb_text _builder_version=\u00bb3.15&#8243;]<\/p>\n<p align=\"justify\">Estamos disponibles 24 horas al d\u00eda para ayudar a nuestros clientes o agentes con sus necesidades log\u00edsticas. Atenci\u00f3n al Cliente es todo y cada persona en Cargofast se esfuerza por ofrecer el mejor servicio posible.<\/p>\n<p align=\"justify\">Nuestro equipo es eficiente y est\u00e1 muy capacitado. Todos los empleados reciben una s\u00f3lida y continua formaci\u00f3n para de esta manera, permanecer actualizados y en constante evoluci\u00f3n y atentos a las tendencias de la industria.<\/p>\n<p align=\"justify\">Hemos desarrollado una s\u00f3lida relaci\u00f3n con las principales l\u00edneas mar\u00edtimas y a\u00e9reas, as\u00ed como con los principales proveedores de servicios de infraestructura de puertos y aeropuertos brasile\u00f1os y con otros organismos reguladores, en el sentido de que podamos acomodar el transporte mar\u00edtimo o a\u00e9reo de carga a cualquier parte del mundo.<\/p>\n<p align=\"justify\">Estamos representados internacionalmente en todos los principales centros de comercio a trav\u00e9s de una red de agentes que tambi\u00e9n est\u00e1n en condiciones de ofrecer soluciones fiables y flexibles, facilitando el acceso a todos los puertos y aeropuertos del mundo.<\/p>\n<p>[\/et_pb_text][\/et_pb_column][et_pb_column type=\u00bb1_2&#8243;][et_pb_image _builder_version=\u00bb3.15&#8243; src=\u00bbhttps:\/\/cdn.bfserver.com.br\/wp\/cargofast\/sobrenos1x.png\u00bb align=\u00bbcenter\u00bb \/][\/et_pb_column][\/et_pb_row][\/et_pb_section]<\/p>\n","protected":false},"excerpt":{"rendered":"<p><div class=\"et_pb_row et_pb_row_0 et_pb_row_empty\">\n\t\t\t\t\n\t\t\t\t\n\t\t\t\t\n\t\t\t\t\n\t\t\t\t\n\t\t\t<\/div> Home | Sobre Nosotros | Como Manejamos Como Manejamos Estamos disponibles 24 horas al d\u00eda para ayudar a nuestros clientes o agentes con sus necesidades log\u00edsticas. Atenci\u00f3n al Cliente es todo y cada persona en Cargofast se esfuerza por ofrecer el mejor servicio posible. Nuestro equipo es eficiente y est\u00e1 muy capacitado. Todos los [&hellip;]<\/p>\n","protected":false},"author":3,"featured_media":0,"parent":0,"menu_order":26,"comment_status":"closed","ping_status":"closed","template":"","meta":{"_acf_changed":false,"_et_pb_use_builder":"on","_et_pb_old_content":"","_et_gb_content_width":"","footnotes":""},"class_list":["post-468","page","type-page","status-publish","hentry"],"acf":[],"_links":{"self":[{"href":"https:\/\/cargofast.com.br\/es\/wp-json\/wp\/v2\/pages\/468","targetHints":{"allow":["GET"]}}],"collection":[{"href":"https:\/\/cargofast.com.br\/es\/wp-json\/wp\/v2\/pages"}],"about":[{"href":"https:\/\/cargofast.com.br\/es\/wp-json\/wp\/v2\/types\/page"}],"author":[{"embeddable":true,"href":"https:\/\/cargofast.com.br\/es\/wp-json\/wp\/v2\/users\/3"}],"replies":[{"embeddable":true,"href":"https:\/\/cargofast.com.br\/es\/wp-json\/wp\/v2\/comments?post=468"}],"version-history":[{"count":4,"href":"https:\/\/cargofast.com.br\/es\/wp-json\/wp\/v2\/pages\/468\/revisions"}],"predecessor-version":[{"id":815,"href":"https:\/\/cargofast.com.br\/es\/wp-json\/wp\/v2\/pages\/468\/revisions\/815"}],"wp:attachment":[{"href":"https:\/\/cargofast.com.br\/es\/wp-json\/wp\/v2\/media?parent=468"}],"curies":[{"name":"wp","href":"https:\/\/api.w.org\/{rel}","templated":true}]}}